{"id":13,"date":"2026-01-26T11:34:45","date_gmt":"2026-01-26T11:34:45","guid":{"rendered":"https:\/\/doingenia.com\/insights\/?page_id=13"},"modified":"2026-02-25T06:37:50","modified_gmt":"2026-02-25T06:37:50","slug":"accueil","status":"publish","type":"page","link":"https:\/\/doingenia.com\/insights\/","title":{"rendered":"Insights"},"content":{"rendered":"<p>[et_pb_section fb_built=\u00a0\u00bb1&Prime; _builder_version=\u00a0\u00bb4.27.5&Prime; _module_preset=\u00a0\u00bbdefault\u00a0\u00bb positioning=\u00a0\u00bbnone\u00a0\u00bb vertical_offset=\u00a0\u00bb50px\u00a0\u00bb global_colors_info=\u00a0\u00bb{}\u00a0\u00bb][et_pb_row _builder_version=\u00a0\u00bb4.27.5&Prime; _module_preset=\u00a0\u00bbdefault\u00a0\u00bb global_colors_info=\u00a0\u00bb{}\u00a0\u00bb][et_pb_column type=\u00a0\u00bb4_4&Prime; _builder_version=\u00a0\u00bb4.27.5&Prime; _module_preset=\u00a0\u00bbdefault\u00a0\u00bb global_colors_info=\u00a0\u00bb{}\u00a0\u00bb][et_pb_text _builder_version=\u00a0\u00bb4.27.5&Prime; _module_preset=\u00a0\u00bbdefault\u00a0\u00bb header_font=\u00a0\u00bb|300|||||||\u00a0\u00bb header_font_size=\u00a0\u00bb96px\u00a0\u00bb vertical_offset=\u00a0\u00bb50px\u00a0\u00bb width=\u00a0\u00bb100%\u00a0\u00bb header_font_size_tablet=\u00a0\u00bb74px\u00a0\u00bb header_font_size_phone=\u00a0\u00bb48px\u00a0\u00bb header_font_size_last_edited=\u00a0\u00bbon|phone\u00a0\u00bb global_colors_info=\u00a0\u00bb{}\u00a0\u00bb]<\/p>\n<h1>D\u00e9coder l&rsquo;invisible.<\/h1>\n<p>[\/et_pb_text][et_pb_text _builder_version=\u00a0\u00bb4.27.5&Prime; _module_preset=\u00a0\u00bbdefault\u00a0\u00bb header_2_font=\u00a0\u00bb|300|on||||||\u00a0\u00bb header_2_text_color=\u00a0\u00bb#9ca3af\u00a0\u00bb header_2_font_size=\u00a0\u00bb36px\u00a0\u00bb header_2_line_height=\u00a0\u00bb1.2em\u00a0\u00bb header_2_font_size_tablet=\u00a0\u00bb32px\u00a0\u00bb header_2_font_size_phone=\u00a0\u00bb25px\u00a0\u00bb header_2_font_size_last_edited=\u00a0\u00bbon|phone\u00a0\u00bb global_colors_info=\u00a0\u00bb{}\u00a0\u00bb]<\/p>\n<h2>Observatoire des mutations de l&rsquo;Autorit\u00e9 Num\u00e9rique.<\/h2>\n<p>[\/et_pb_text][et_pb_text _builder_version=\u00a0\u00bb4.27.5&Prime; _module_preset=\u00a0\u00bbdefault\u00a0\u00bb text_font=\u00a0\u00bb|300|||||||\u00a0\u00bb text_font_size=\u00a0\u00bb24px\u00a0\u00bb text_line_height=\u00a0\u00bb1.5em\u00a0\u00bb custom_margin=\u00a0\u00bb||50px||false|false\u00a0\u00bb custom_padding=\u00a0\u00bb|25%|||false|false\u00a0\u00bb custom_padding_tablet=\u00a0\u00bb|0%|||false|false\u00a0\u00bb custom_padding_phone=\u00a0\u00bb|0%|||false|false\u00a0\u00bb custom_padding_last_edited=\u00a0\u00bbon|tablet\u00a0\u00bb text_font_size_tablet=\u00a0\u00bb22px\u00a0\u00bb text_font_size_phone=\u00a0\u00bb20px\u00a0\u00bb text_font_size_last_edited=\u00a0\u00bbon|phone\u00a0\u00bb global_colors_info=\u00a0\u00bb{}\u00a0\u00bb]<\/p>\n<p>L&rsquo;IA ne change pas seulement les r\u00e8gles du jeu, elle change le jeu lui-m\u00eame. Dans un monde satur\u00e9 de bruit, nous isolons le signal. Retrouvez ici nos analyses strat\u00e9giques, nos \u00e9tudes de cas et nos convictions pour aider les dirigeants \u00e0 anticiper l&rsquo;apr\u00e8s-Google.<\/p>\n<p>[\/et_pb_text][et_pb_button button_text=\u00a0\u00bbAuditer ma r\u00e9silience strat\u00e9gique\u00a0\u00bb button_alignment_tablet=\u00a0\u00bb\u00a0\u00bb button_alignment_phone=\u00a0\u00bbcenter\u00a0\u00bb button_alignment_last_edited=\u00a0\u00bbon|phone\u00a0\u00bb disabled_on=\u00a0\u00bbon|on|on\u00a0\u00bb _builder_version=\u00a0\u00bb4.27.5&Prime; _module_preset=\u00a0\u00bbdefault\u00a0\u00bb custom_button=\u00a0\u00bbon\u00a0\u00bb button_text_size=\u00a0\u00bb13px\u00a0\u00bb button_text_color=\u00a0\u00bb#FFFFFF\u00a0\u00bb button_bg_color=\u00a0\u00bb#000000&Prime; button_border_width=\u00a0\u00bb0px\u00a0\u00bb button_border_radius=\u00a0\u00bb0px\u00a0\u00bb button_letter_spacing=\u00a0\u00bb1px\u00a0\u00bb button_font=\u00a0\u00bb|||on|||||\u00a0\u00bb button_use_icon=\u00a0\u00bboff\u00a0\u00bb custom_padding=\u00a0\u00bb20px|25px|20px|25px|true|true\u00a0\u00bb disabled=\u00a0\u00bbon\u00a0\u00bb global_colors_info=\u00a0\u00bb{}\u00a0\u00bb][\/et_pb_button][\/et_pb_column][\/et_pb_row][et_pb_row _builder_version=\u00a0\u00bb4.27.5&Prime; _module_preset=\u00a0\u00bbdefault\u00a0\u00bb global_colors_info=\u00a0\u00bb{}\u00a0\u00bb][et_pb_column type=\u00a0\u00bb4_4&Prime; _builder_version=\u00a0\u00bb4.27.5&Prime; _module_preset=\u00a0\u00bbdefault\u00a0\u00bb global_colors_info=\u00a0\u00bb{}\u00a0\u00bb][et_pb_blog_extras include_categories=\u00a0\u00bb9,8,15&Prime; blog_layout=\u00a0\u00bbvertical_grid\u00a0\u00bb show_more=\u00a0\u00bboff\u00a0\u00bb show_author=\u00a0\u00bboff\u00a0\u00bb category_color=\u00a0\u00bb#9ca3af\u00a0\u00bb category_background_color=\u00a0\u00bbRGBA(255,255,255,0)\u00a0\u00bb show_comments=\u00a0\u00bboff\u00a0\u00bb show_read_time=\u00a0\u00bbon\u00a0\u00bb read_time_text=\u00a0\u00bbmin.\u00a0\u00bb disabled_on=\u00a0\u00bbon|off|off\u00a0\u00bb _builder_version=\u00a0\u00bb4.27.5&Prime; _module_preset=\u00a0\u00bbdefault\u00a0\u00bb body_font=\u00a0\u00bb|300|||||||\u00a0\u00bb meta_font=\u00a0\u00bb||||||||\u00a0\u00bb meta_text_color=\u00a0\u00bb#000000&Prime; custom_css_free_form=\u00a0\u00bb\/* &#8212; UNIFORMISATION IMAGES BLOG &#8212; *\/||||\/* Cible les images dans le module Blog Extras *\/||.el_dbe_vertical_grid .entry-featured-image-url img {||    height: 250px !important; \/* Hauteur fixe (ajustez selon vos go\u00fbts) *\/||    width: 100% !important;   \/* Largeur pleine *\/||    object-fit: cover !important; \/* Recadre l&rsquo;image sans l&rsquo;\u00e9craser *\/||    object-position: center center !important; \/* Centre l&rsquo;image *\/||    ||    \/* Optionnel : Esth\u00e9tique %22Silent Luxury%22 *\/||    filter: grayscale(100%); \/* Image en noir &#038; blanc par d\u00e9faut *\/||    transition: all 0.4s ease; \/* Transition douce *\/||}||||\/* Effet au survol : Retour de la couleur *\/||.el_dbe_vertical_grid .entry-featured-image-url:hover img {||    filter: grayscale(0%); \/* La couleur revient au survol *\/||    transform: scale(1.03); \/* Tr\u00e8s l\u00e9ger zoom pour l&rsquo;interaction *\/||}||||\/* &#8212; ALIGNEMENT VERTICAL BLOG &#8212; *\/||||\/* 1. On transforme la carte en colonne flexible *\/||.el_dbe_vertical_grid {||    display: flex !important;||    flex-direction: column !important; \/* Force l&rsquo;ordre vertical : Image puis Texte *\/||    justify-content: flex-start !important; \/* Aligne tout vers le HAUT *\/||    \/*height: 100% !important; \/* Occupe toute la hauteur disponible *\/||}||||||\/* &#8212; UNIFORMISATION IMAGES BLOG (Inchang\u00e9) &#8212; *\/||.el_dbe_vertical_grid .entry-featured-image-url img {||    height: 250px !important;||    width: 100% !important;||    object-fit: cover !important;||    object-position: center center !important;||    filter: grayscale(100%);||    transition: all 0.4s ease;||}||||.el_dbe_vertical_grid .entry-featured-image-url:hover img {||    filter: grayscale(0%);||    transform: scale(1.03);||}||||\/* &#8212; ALIGNEMENT VERTICAL &#038; BAS DE CARTE &#8212; *\/||||\/* 1. La Carte : Doit faire 100% de la hauteur pour que l&rsquo;alignement bas fonctionne *\/||.el_dbe_vertical_grid {||    display: flex !important;||    flex-direction: column !important;||    justify-content: flex-start !important;||    \/*height: 100% !important; \/* INDISPENSABLE : D\u00e9-commentez cette ligne *\/||}||||\/* 2. Le Contenu Texte : Il doit %22pousser%22 le reste vers le bas *\/||.el_dbe_vertical_grid .post-content {||    flex-grow: 1 !important; \/* C&rsquo;est le secret : ce bloc occupe tout l&rsquo;espace vide disponible *\/||    display: flex !important;||    flex-direction: column !important;||    margin-bottom: 15px !important; \/* Un peu d&rsquo;espace avant les m\u00e9tas *\/||}||||\/* 3. Les M\u00e9tadonn\u00e9es (Date\/Temps) : Forc\u00e9es en bas *\/||.el_dbe_vertical_grid .post-meta {||    margin-top: auto !important; \/* Cette commande dit %22mets-toi le plus bas possible%22 *\/||    width: 100% !important;||    ||    \/* Optionnel : Une petite ligne fine pour s\u00e9parer (Style Architecte) *\/||    padding-top: 15px !important;||    border-top: 1px solid #E5E7EB !important; ||}||||\u00a0\u00bb global_colors_info=\u00a0\u00bb{}\u00a0\u00bb][\/et_pb_blog_extras][et_pb_blog_extras include_categories=\u00a0\u00bb9,8,15&Prime; blog_layout=\u00a0\u00bbvertical_grid\u00a0\u00bb masonry_columns=\u00a0\u00bb1&Prime; show_more=\u00a0\u00bboff\u00a0\u00bb show_author=\u00a0\u00bboff\u00a0\u00bb category_color=\u00a0\u00bb#9ca3af\u00a0\u00bb category_background_color=\u00a0\u00bbRGBA(255,255,255,0)\u00a0\u00bb show_comments=\u00a0\u00bboff\u00a0\u00bb show_read_time=\u00a0\u00bbon\u00a0\u00bb read_time_text=\u00a0\u00bbmin.\u00a0\u00bb disabled_on=\u00a0\u00bboff|on|on\u00a0\u00bb _builder_version=\u00a0\u00bb4.27.5&Prime; _module_preset=\u00a0\u00bbdefault\u00a0\u00bb body_font=\u00a0\u00bb|300|||||||\u00a0\u00bb meta_font=\u00a0\u00bb||||||||\u00a0\u00bb meta_text_color=\u00a0\u00bb#000000&Prime; custom_css_free_form=\u00a0\u00bb\/* &#8212; UNIFORMISATION IMAGES BLOG &#8212; *\/||||\/* Cible les images dans le module Blog Extras *\/||.el_dbe_vertical_grid .entry-featured-image-url img {||    height: 250px !important; \/* Hauteur fixe (ajustez selon vos go\u00fbts) *\/||    width: 100% !important;   \/* Largeur pleine *\/||    object-fit: cover !important; \/* Recadre l&rsquo;image sans l&rsquo;\u00e9craser *\/||    object-position: center center !important; \/* Centre l&rsquo;image *\/||    ||    \/* Optionnel : Esth\u00e9tique %22Silent Luxury%22 *\/||    filter: grayscale(100%); \/* Image en noir &#038; blanc par d\u00e9faut *\/||    transition: all 0.4s ease; \/* Transition douce *\/||}||||\/* Effet au survol : Retour de la couleur *\/||.el_dbe_vertical_grid .entry-featured-image-url:hover img {||    filter: grayscale(0%); \/* La couleur revient au survol *\/||    transform: scale(1.03); \/* Tr\u00e8s l\u00e9ger zoom pour l&rsquo;interaction *\/||}||||\/* &#8212; ALIGNEMENT VERTICAL BLOG &#8212; *\/||||\/* 1. On transforme la carte en colonne flexible *\/||.el_dbe_vertical_grid {||    display: flex !important;||    flex-direction: column !important; \/* Force l&rsquo;ordre vertical : Image puis Texte *\/||    justify-content: flex-start !important; \/* Aligne tout vers le HAUT *\/||    \/*height: 100% !important; \/* Occupe toute la hauteur disponible *\/||}||||||\/* &#8212; UNIFORMISATION IMAGES BLOG (Inchang\u00e9) &#8212; *\/||.el_dbe_vertical_grid .entry-featured-image-url img {||    height: 250px !important;||    width: 100% !important;||    object-fit: cover !important;||    object-position: center center !important;||    filter: grayscale(100%);||    transition: all 0.4s ease;||}||||.el_dbe_vertical_grid .entry-featured-image-url:hover img {||    filter: grayscale(0%);||    transform: scale(1.03);||}||||\/* &#8212; ALIGNEMENT VERTICAL &#038; BAS DE CARTE &#8212; *\/||||\/* 1. La Carte : Doit faire 100% de la hauteur pour que l&rsquo;alignement bas fonctionne *\/||.el_dbe_vertical_grid {||    display: flex !important;||    flex-direction: column !important;||    justify-content: flex-start !important;||    \/*height: 100% !important; \/* INDISPENSABLE : D\u00e9-commentez cette ligne *\/||}||||\/* 2. Le Contenu Texte : Il doit %22pousser%22 le reste vers le bas *\/||.el_dbe_vertical_grid .post-content {||    flex-grow: 1 !important; \/* C&rsquo;est le secret : ce bloc occupe tout l&rsquo;espace vide disponible *\/||    display: flex !important;||    flex-direction: column !important;||    margin-bottom: 15px !important; \/* Un peu d&rsquo;espace avant les m\u00e9tas *\/||}||||\/* 3. Les M\u00e9tadonn\u00e9es (Date\/Temps) : Forc\u00e9es en bas *\/||.el_dbe_vertical_grid .post-meta {||    margin-top: auto !important; \/* Cette commande dit %22mets-toi le plus bas possible%22 *\/||    width: 100% !important;||    ||    \/* Optionnel : Une petite ligne fine pour s\u00e9parer (Style Architecte) *\/||    padding-top: 15px !important;||    border-top: 1px solid #E5E7EB !important; ||}||||\u00a0\u00bb global_colors_info=\u00a0\u00bb{}\u00a0\u00bb][\/et_pb_blog_extras][\/et_pb_column][\/et_pb_row][\/et_pb_section][et_pb_section fb_built=\u00a0\u00bb1&Prime; disabled_on=\u00a0\u00bbon|on|on\u00a0\u00bb _builder_version=\u00a0\u00bb4.27.5&Prime; _module_preset=\u00a0\u00bbdefault\u00a0\u00bb background_color=\u00a0\u00bb#f9fafb\u00a0\u00bb custom_padding=\u00a0\u00bb0px||0px||true|false\u00a0\u00bb disabled=\u00a0\u00bbon\u00a0\u00bb global_colors_info=\u00a0\u00bb{}\u00a0\u00bb][et_pb_row _builder_version=\u00a0\u00bb4.27.5&Prime; _module_preset=\u00a0\u00bbdefault\u00a0\u00bb global_colors_info=\u00a0\u00bb{}\u00a0\u00bb][et_pb_column type=\u00a0\u00bb4_4&Prime; _builder_version=\u00a0\u00bb4.27.5&Prime; _module_preset=\u00a0\u00bbdefault\u00a0\u00bb global_colors_info=\u00a0\u00bb{}\u00a0\u00bb][et_pb_text _builder_version=\u00a0\u00bb4.27.5&Prime; _module_preset=\u00a0\u00bbdefault\u00a0\u00bb text_font=\u00a0\u00bb|700||on|||||\u00a0\u00bb text_text_color=\u00a0\u00bb#999999&Prime; text_font_size=\u00a0\u00bb14px\u00a0\u00bb text_letter_spacing=\u00a0\u00bb2px\u00a0\u00bb text_orientation=\u00a0\u00bbcenter\u00a0\u00bb locked=\u00a0\u00bboff\u00a0\u00bb global_colors_info=\u00a0\u00bb{}\u00a0\u00bb]<\/p>\n<p>Notre Cercle Vertueux<\/p>\n<p>[\/et_pb_text][et_pb_text _builder_version=\u00a0\u00bb4.27.5&Prime; _module_preset=\u00a0\u00bbdefault\u00a0\u00bb header_2_font=\u00a0\u00bb|300|on||||||\u00a0\u00bb header_2_text_align=\u00a0\u00bbcenter\u00a0\u00bb header_2_font_size=\u00a0\u00bb60px\u00a0\u00bb sticky_limit_top=\u00a0\u00bbsection\u00a0\u00bb sticky_limit_bottom=\u00a0\u00bbsection\u00a0\u00bb header_2_font_size_tablet=\u00a0\u00bb48px\u00a0\u00bb header_2_font_size_phone=\u00a0\u00bb38px\u00a0\u00bb header_2_font_size_last_edited=\u00a0\u00bbon|phone\u00a0\u00bb sticky_position_tablet=\u00a0\u00bbnone\u00a0\u00bb sticky_position_phone=\u00a0\u00bbnone\u00a0\u00bb sticky_position_last_edited=\u00a0\u00bboff|desktop\u00a0\u00bb locked=\u00a0\u00bboff\u00a0\u00bb global_colors_info=\u00a0\u00bb{}\u00a0\u00bb]<\/p>\n<h2>Extraction, Amplification,<br \/>Automatisation.<\/h2>\n<p>[\/et_pb_text][et_pb_text _builder_version=\u00a0\u00bb4.27.5&Prime; _module_preset=\u00a0\u00bbdefault\u00a0\u00bb text_font=\u00a0\u00bb|300|||||||\u00a0\u00bb text_font_size=\u00a0\u00bb24px\u00a0\u00bb text_line_height=\u00a0\u00bb1.5em\u00a0\u00bb text_orientation=\u00a0\u00bbcenter\u00a0\u00bb custom_margin=\u00a0\u00bb||50px||false|false\u00a0\u00bb custom_padding=\u00a0\u00bb|10%||10%|false|true\u00a0\u00bb custom_padding_tablet=\u00a0\u00bb|0%||0%|false|false\u00a0\u00bb custom_padding_phone=\u00a0\u00bb|0%|||false|false\u00a0\u00bb custom_padding_last_edited=\u00a0\u00bbon|phone\u00a0\u00bb text_font_size_tablet=\u00a0\u00bb22px\u00a0\u00bb text_font_size_phone=\u00a0\u00bb20px\u00a0\u00bb text_font_size_last_edited=\u00a0\u00bbon|phone\u00a0\u00bb locked=\u00a0\u00bboff\u00a0\u00bb global_colors_info=\u00a0\u00bb{}\u00a0\u00bb]<\/p>\n<p>Nous construisons une infrastructure d&rsquo;autorit\u00e9 p\u00e9renne. Ce n&rsquo;est pas du marketing, c&rsquo;est de l&rsquo;ing\u00e9nierie de r\u00e9putation.<\/p>\n<p>[\/et_pb_text][\/et_pb_column][\/et_pb_row][\/et_pb_section][et_pb_section fb_built=\u00a0\u00bb1&Prime; _builder_version=\u00a0\u00bb4.27.5&Prime; _module_preset=\u00a0\u00bbdefault\u00a0\u00bb custom_padding=\u00a0\u00bb100px||100px||false|false\u00a0\u00bb locked=\u00a0\u00bboff\u00a0\u00bb global_colors_info=\u00a0\u00bb{}\u00a0\u00bb][et_pb_row column_structure=\u00a0\u00bb1_2,1_2&Prime; make_equal=\u00a0\u00bbon\u00a0\u00bb _builder_version=\u00a0\u00bb4.27.5&Prime; _module_preset=\u00a0\u00bbdefault\u00a0\u00bb global_colors_info=\u00a0\u00bb{}\u00a0\u00bb][et_pb_column type=\u00a0\u00bb1_2&Prime; _builder_version=\u00a0\u00bb4.27.5&Prime; _module_preset=\u00a0\u00bbdefault\u00a0\u00bb global_colors_info=\u00a0\u00bb{}\u00a0\u00bb][et_pb_text _builder_version=\u00a0\u00bb4.27.5&Prime; _module_preset=\u00a0\u00bbdefault\u00a0\u00bb text_font=\u00a0\u00bb|700||on|||||\u00a0\u00bb text_text_color=\u00a0\u00bb#999999&Prime; text_font_size=\u00a0\u00bb14px\u00a0\u00bb text_letter_spacing=\u00a0\u00bb2px\u00a0\u00bb sticky_limit_top=\u00a0\u00bbsection\u00a0\u00bb sticky_limit_bottom=\u00a0\u00bbsection\u00a0\u00bb sticky_position_tablet=\u00a0\u00bbnone\u00a0\u00bb sticky_position_phone=\u00a0\u00bbnone\u00a0\u00bb sticky_position_last_edited=\u00a0\u00bboff|desktop\u00a0\u00bb global_colors_info=\u00a0\u00bb{}\u00a0\u00bb]<\/p>\n<p>Phase d&rsquo;Engagement<\/p>\n<p>[\/et_pb_text][et_pb_text _builder_version=\u00a0\u00bb4.27.5&Prime; _module_preset=\u00a0\u00bbdefault\u00a0\u00bb header_2_font=\u00a0\u00bb|300|||||||\u00a0\u00bb header_2_font_size=\u00a0\u00bb60px\u00a0\u00bb sticky_limit_top=\u00a0\u00bbsection\u00a0\u00bb sticky_limit_bottom=\u00a0\u00bbsection\u00a0\u00bb header_2_font_size_tablet=\u00a0\u00bb48px\u00a0\u00bb header_2_font_size_phone=\u00a0\u00bb38px\u00a0\u00bb header_2_font_size_last_edited=\u00a0\u00bbon|phone\u00a0\u00bb sticky_position_tablet=\u00a0\u00bbnone\u00a0\u00bb sticky_position_phone=\u00a0\u00bbnone\u00a0\u00bb sticky_position_last_edited=\u00a0\u00bboff|desktop\u00a0\u00bb global_colors_info=\u00a0\u00bb{}\u00a0\u00bb]<\/p>\n<h2 id=\"audit\">Pr\u00eat \u00e0 construire<br \/>\nvotre actif d&rsquo;autorit\u00e9\u00a0?<\/h2>\n<p>[\/et_pb_text][et_pb_text _builder_version=\u00a0\u00bb4.27.5&Prime; _module_preset=\u00a0\u00bbdefault\u00a0\u00bb text_font=\u00a0\u00bb|300|||||||\u00a0\u00bb text_font_size=\u00a0\u00bb22px\u00a0\u00bb text_line_height=\u00a0\u00bb1.6em\u00a0\u00bb custom_margin=\u00a0\u00bb||60px||false|false\u00a0\u00bb text_font_size_tablet=\u00a0\u00bb22px\u00a0\u00bb text_font_size_phone=\u00a0\u00bb20px\u00a0\u00bb text_font_size_last_edited=\u00a0\u00bbon|phone\u00a0\u00bb global_colors_info=\u00a0\u00bb{}\u00a0\u00bb]<\/p>\n<p>Obtenez votre Audit de R\u00e9silience Strat\u00e9gique. Une \u00e9valuation concr\u00e8te de votre vuln\u00e9rabilit\u00e9 face \u00e0 l&rsquo;IA et une feuille de route pour transformer votre savoir en avantage comp\u00e9titif.<\/p>\n<p>[\/et_pb_text][et_pb_text _builder_version=\u00a0\u00bb4.27.5&Prime; _module_preset=\u00a0\u00bbdefault\u00a0\u00bb text_font=\u00a0\u00bb|||on|||||\u00a0\u00bb text_text_color=\u00a0\u00bb#999999&Prime; text_font_size=\u00a0\u00bb14px\u00a0\u00bb text_letter_spacing=\u00a0\u00bb2px\u00a0\u00bb transform_translate_linked__hover=\u00a0\u00bboff\u00a0\u00bb sticky_limit_top=\u00a0\u00bbsection\u00a0\u00bb sticky_limit_bottom=\u00a0\u00bbsection\u00a0\u00bb sticky_position_tablet=\u00a0\u00bbnone\u00a0\u00bb sticky_position_phone=\u00a0\u00bbnone\u00a0\u00bb sticky_position_last_edited=\u00a0\u00bboff|desktop\u00a0\u00bb locked=\u00a0\u00bboff\u00a0\u00bb global_colors_info=\u00a0\u00bb{}\u00a0\u00bb transform_styles__hover_enabled=\u00a0\u00bbon|hover\u00a0\u00bb transform_scale__hover_enabled=\u00a0\u00bbon|desktop\u00a0\u00bb transform_translate__hover_enabled=\u00a0\u00bbon|hover\u00a0\u00bb transform_rotate__hover_enabled=\u00a0\u00bbon|desktop\u00a0\u00bb transform_skew__hover_enabled=\u00a0\u00bbon|desktop\u00a0\u00bb transform_origin__hover_enabled=\u00a0\u00bbon|desktop\u00a0\u00bb transform_translate__hover=\u00a0\u00bb10px|0px\u00a0\u00bb]<\/p>\n<p>\u2014 Diagnostic de visibilit\u00e9 IA<\/p>\n<p>[\/et_pb_text][et_pb_text _builder_version=\u00a0\u00bb4.27.5&Prime; _module_preset=\u00a0\u00bbdefault\u00a0\u00bb text_font=\u00a0\u00bb|||on|||||\u00a0\u00bb text_text_color=\u00a0\u00bb#999999&Prime; text_font_size=\u00a0\u00bb14px\u00a0\u00bb text_letter_spacing=\u00a0\u00bb2px\u00a0\u00bb transform_translate_linked__hover=\u00a0\u00bboff\u00a0\u00bb sticky_limit_top=\u00a0\u00bbsection\u00a0\u00bb sticky_limit_bottom=\u00a0\u00bbsection\u00a0\u00bb sticky_position_tablet=\u00a0\u00bbnone\u00a0\u00bb sticky_position_phone=\u00a0\u00bbnone\u00a0\u00bb sticky_position_last_edited=\u00a0\u00bboff|desktop\u00a0\u00bb locked=\u00a0\u00bboff\u00a0\u00bb global_colors_info=\u00a0\u00bb{}\u00a0\u00bb transform_styles__hover_enabled=\u00a0\u00bbon|hover\u00a0\u00bb transform_scale__hover_enabled=\u00a0\u00bbon|desktop\u00a0\u00bb transform_translate__hover_enabled=\u00a0\u00bbon|hover\u00a0\u00bb transform_rotate__hover_enabled=\u00a0\u00bbon|desktop\u00a0\u00bb transform_skew__hover_enabled=\u00a0\u00bbon|desktop\u00a0\u00bb transform_origin__hover_enabled=\u00a0\u00bbon|desktop\u00a0\u00bb transform_translate__hover=\u00a0\u00bb10px|0px\u00a0\u00bb]<\/p>\n<p>\u2014 \u00c9valuation du &lsquo;Cerveau Num\u00e9rique<\/p>\n<p>[\/et_pb_text][et_pb_text _builder_version=\u00a0\u00bb4.27.5&Prime; _module_preset=\u00a0\u00bbdefault\u00a0\u00bb text_font=\u00a0\u00bb|||on|||||\u00a0\u00bb text_text_color=\u00a0\u00bb#999999&Prime; text_font_size=\u00a0\u00bb14px\u00a0\u00bb text_letter_spacing=\u00a0\u00bb2px\u00a0\u00bb transform_translate_linked__hover=\u00a0\u00bboff\u00a0\u00bb sticky_limit_top=\u00a0\u00bbsection\u00a0\u00bb sticky_limit_bottom=\u00a0\u00bbsection\u00a0\u00bb sticky_position_tablet=\u00a0\u00bbnone\u00a0\u00bb sticky_position_phone=\u00a0\u00bbnone\u00a0\u00bb sticky_position_last_edited=\u00a0\u00bboff|desktop\u00a0\u00bb locked=\u00a0\u00bboff\u00a0\u00bb global_colors_info=\u00a0\u00bb{}\u00a0\u00bb transform_styles__hover_enabled=\u00a0\u00bbon|hover\u00a0\u00bb transform_scale__hover_enabled=\u00a0\u00bbon|desktop\u00a0\u00bb transform_translate__hover_enabled=\u00a0\u00bbon|hover\u00a0\u00bb transform_rotate__hover_enabled=\u00a0\u00bbon|desktop\u00a0\u00bb transform_skew__hover_enabled=\u00a0\u00bbon|desktop\u00a0\u00bb transform_origin__hover_enabled=\u00a0\u00bbon|desktop\u00a0\u00bb transform_translate__hover=\u00a0\u00bb10px|0px\u00a0\u00bb]<\/p>\n<p>\u2014 <span class=\"text-xs uppercase tracking-widest text-gray-400\">Plan de protection s\u00e9mantique<\/span><\/p>\n<p>[\/et_pb_text][\/et_pb_column][et_pb_column type=\u00a0\u00bb1_2&Prime; _builder_version=\u00a0\u00bb4.27.5&Prime; _module_preset=\u00a0\u00bbdefault\u00a0\u00bb background_color=\u00a0\u00bb#f9fafb\u00a0\u00bb custom_padding=\u00a0\u00bb60px|50px|60px|50px|true|true\u00a0\u00bb border_width_left=\u00a0\u00bb1px\u00a0\u00bb border_color_left=\u00a0\u00bb#eeeeee\u00a0\u00bb global_colors_info=\u00a0\u00bb{}\u00a0\u00bb][et_pb_code _builder_version=\u00a0\u00bb4.27.5&Prime; _module_preset=\u00a0\u00bbdefault\u00a0\u00bb global_colors_info=\u00a0\u00bb{}\u00a0\u00bb]<iframe data-tally-src=\"https:\/\/tally.so\/embed\/jaPZkQ?alignLeft=1&#038;hideTitle=1&#038;transparentBackground=1&#038;dynamicHeight=1\" loading=\"lazy\" width=\"100%\" height=\"424\" frameborder=\"0\" marginheight=\"0\" marginwidth=\"0\" title=\"Site 2026\"><\/iframe><!-- [et_pb_line_break_holder] --><script>var d=document,w=\"https:\/\/tally.so\/widgets\/embed.js\",v=function(){\"undefined\"!=typeof Tally?Tally.loadEmbeds():d.querySelectorAll(\"iframe[data-tally-src]:not([src])\").forEach((function(e){e.src=e.dataset.tallySrc}))};if(\"undefined\"!=typeof Tally)v();else if(d.querySelector('script[src=\"'+w+'\"]')==null){var s=d.createElement(\"script\");s.src=w,s.onload=v,s.onerror=v,d.body.appendChild(s);}<\/script>[\/et_pb_code][\/et_pb_column][\/et_pb_row][\/et_pb_section]<\/p>\n","protected":false},"excerpt":{"rendered":"<p>D\u00e9coder l&rsquo;invisible.Observatoire des mutations de l&rsquo;Autorit\u00e9 Num\u00e9rique.L&rsquo;IA ne change pas seulement les r\u00e8gles du jeu, elle change le jeu lui-m\u00eame. Dans un monde satur\u00e9 de bruit, nous isolons le signal. Retrouvez ici nos analyses strat\u00e9giques, nos \u00e9tudes de cas et nos convictions pour aider les dirigeants \u00e0 anticiper l&rsquo;apr\u00e8s-Google.Notre Cercle VertueuxExtraction, Amplification,Automatisation.Nous construisons une infrastructure [&hellip;]<\/p>\n","protected":false},"author":2,"featured_media":0,"parent":0,"menu_order":0,"comment_status":"closed","ping_status":"closed","template":"","meta":{"_seopress_robots_primary_cat":"","_seopress_titles_title":"","_seopress_titles_desc":"","_seopress_robots_index":"","_et_pb_use_builder":"on","_et_pb_old_content":"","_et_gb_content_width":"","footnotes":""},"class_list":["post-13","page","type-page","status-publish","hentry"],"_links":{"self":[{"href":"https:\/\/doingenia.com\/insights\/wp-json\/wp\/v2\/pages\/13","targetHints":{"allow":["GET"]}}],"collection":[{"href":"https:\/\/doingenia.com\/insights\/wp-json\/wp\/v2\/pages"}],"about":[{"href":"https:\/\/doingenia.com\/insights\/wp-json\/wp\/v2\/types\/page"}],"author":[{"embeddable":true,"href":"https:\/\/doingenia.com\/insights\/wp-json\/wp\/v2\/users\/2"}],"replies":[{"embeddable":true,"href":"https:\/\/doingenia.com\/insights\/wp-json\/wp\/v2\/comments?post=13"}],"version-history":[{"count":46,"href":"https:\/\/doingenia.com\/insights\/wp-json\/wp\/v2\/pages\/13\/revisions"}],"predecessor-version":[{"id":878,"href":"https:\/\/doingenia.com\/insights\/wp-json\/wp\/v2\/pages\/13\/revisions\/878"}],"wp:attachment":[{"href":"https:\/\/doingenia.com\/insights\/wp-json\/wp\/v2\/media?parent=13"}],"curies":[{"name":"wp","href":"https:\/\/api.w.org\/{rel}","templated":true}]}}